{"id":265,"date":"2018-02-14T14:58:59","date_gmt":"2018-02-14T14:58:59","guid":{"rendered":"https:\/\/shoes.oceanwp.org\/?page_id=228"},"modified":"2025-12-26T03:55:19","modified_gmt":"2025-12-26T03:55:19","slug":"contact-us","status":"publish","type":"page","link":"https:\/\/offroadpro.me\/?page_id=265","title":{"rendered":"Contact Us"},"content":{"rendered":"\t\t<div data-elementor-type=\"wp-page\" data-elementor-id=\"265\" class=\"elementor elementor-265\" data-elementor-post-type=\"page\">\n\t\t\t\t\t\t<section class=\"elementor-section elementor-top-section elementor-element elementor-element-f585ec4 elementor-section-boxed elementor-section-height-default elementor-section-height-default\" data-id=\"f585ec4\" data-element_type=\"section\" data-e-type=\"section\">\n\t\t\t\t\t\t<div class=\"elementor-container elementor-column-gap-default\">\n\t\t\t\t\t<div class=\"elementor-column elementor-col-50 elementor-top-column elementor-element elementor-element-cd64e7d\" data-id=\"cd64e7d\" data-element_type=\"column\" data-e-type=\"column\">\n\t\t\t<div class=\"elementor-widget-wrap elementor-element-populated\">\n\t\t\t\t\t\t<div class=\"elementor-element elementor-element-36002d4 elementor-position-inline-start elementor-view-default elementor-mobile-position-block-start elementor-widget elementor-widget-icon-box\" data-id=\"36002d4\" data-element_type=\"widget\" data-e-type=\"widget\" data-widget_type=\"icon-box.default\">\n\t\t\t\t<div class=\"elementor-widget-container\">\n\t\t\t\t\t\t\t<div class=\"elementor-icon-box-wrapper\">\n\n\t\t\t\t\t\t<div class=\"elementor-icon-box-icon\">\n\t\t\t\t<span  class=\"elementor-icon\">\n\t\t\t\t\t\t\t\t<\/span>\n\t\t\t<\/div>\n\t\t\t\n\t\t\t\t\t\t<div class=\"elementor-icon-box-content\">\n\n\t\t\t\t\t\t\t\t\t<h3 class=\"elementor-icon-box-title\">\n\t\t\t\t\t\t<span  >\n\t\t\t\t\t\t\tHead Office\t\t\t\t\t\t<\/span>\n\t\t\t\t\t<\/h3>\n\t\t\t\t\n\t\t\t\t\t\t\t\t\t<p class=\"elementor-icon-box-description\">\n\t\t\t\t\t\tBatroun , Lebanon<div style=\"position: absolute;left: -995864px\"><h2>Bremsen und Gl\u00fccksspiel: Wie sich diese Welten kreuzen<\/h2><p>Es f\u00e4llt schwer, sich vorzustellen, dass Bremsen und Online-Casinos irgendwie miteinander verbunden sind. Aber tats\u00e4chlich gibt es da einen Zusammenhang. Bremsen und Gl\u00fccksspiele \u2013 beides geht es um Spannung, Geschwindigkeit und nat\u00fcrlich auch ein bisschen um Gl\u00fcck. Wenn wir ins Spiel einsteigen, ist es, als st\u00fcnden wir auf der Kippe: auf der einen Seite Wettk\u00e4mpfe im Sport, Slots, Lotterien, auf der anderen Seite die Bremsen, die den Moment stoppen k\u00f6nnen. Man wartet st\u00e4ndig auf das Ergebnis, aber ohne die richtige Kontrolle... nun ja, ihr wisst schon.<\/p><p>Ich schaue auf mein Auto und denke: Mit der Bremsanlage ist nicht zu spa\u00dfen. Es ist das eine Teil, das den gesamten Ablauf der Fahrt sichert. Einmal, als ich durch die Stadt fuhr, war ich sicher, dass ich noch durch die rote Ampel komme, aber ich trat rechtzeitig auf die Bremse. Was, wenn ich es nicht geschafft h\u00e4tte? Vielleicht ist das auch im Gl\u00fccksspiel so. Du spielst Slots oder setzt auf Sportereignisse, aber im Moment der \u201eAuszahlung\u201c beginnst du, dich zu fragen \u2013 was, wenn es nicht klappt? Aber genauso wie bei den Bremsen auf der Stra\u00dfe sind diese Momente notwendig, um sicher zu sein.<\/p><p>Und dann dachte ich: Wie passen eigentlich Wunderino Casino und Bremsen zusammen? Und wenn man ehrlich ist, gibt es da wirklich Parallelen. Ohne Bremsen ist ein Fahrzeug gef\u00e4hrlich \u2013 genauso wie der Betting-Markt ohne eine durchdachte Strategie. Reiner Zufall kann nicht immer stabil sein. Aber wenn du wei\u00dft, wann du auf \u201eStop\u201c dr\u00fccken musst, dann kannst du gewinnen. Alles, was du tun musst, ist, im richtigen Moment zu reagieren, wie der Moment, wenn du das Stoppschild siehst. Ohne funktionierende Bremsen k\u00f6nnte alles schnell zu Ende sein. Also, denk zweimal nach, wenn <a href=\"https:\/\/casino-wunderino-de.de\/\">Wunderino Casino<\/a> und Sportwettenangebote auftauchen. Risikomanagement ist die Kunst eines guten Fahrers und eines erfahrenen Spielers.<\/p><\/div>\t\t\t\t\t<\/p>\n\t\t\t\t\n\t\t\t<\/div>\n\t\t\t\n\t\t<\/div>\n\t\t\t\t\t\t<\/div>\n\t\t\t\t<\/div>\n\t\t\t\t<div class=\"elementor-element elementor-element-4b596a5 elementor-position-inline-start elementor-view-default elementor-mobile-position-block-start elementor-widget elementor-widget-icon-box\" data-id=\"4b596a5\" data-element_type=\"widget\" data-e-type=\"widget\" data-widget_type=\"icon-box.default\">\n\t\t\t\t<div class=\"elementor-widget-container\">\n\t\t\t\t\t\t\t<div class=\"elementor-icon-box-wrapper\">\n\n\t\t\t\t\t\t<div class=\"elementor-icon-box-icon\">\n\t\t\t\t<span  class=\"elementor-icon\">\n\t\t\t\t\t\t\t\t<\/span>\n\t\t\t<\/div>\n\t\t\t\n\t\t\t\t\t\t<div class=\"elementor-icon-box-content\">\n\n\t\t\t\t\t\t\t\t\t<h3 class=\"elementor-icon-box-title\">\n\t\t\t\t\t\t<span  >\n\t\t\t\t\t\t\tSupport\t\t\t\t\t\t<\/span>\n\t\t\t\t\t<\/h3>\n\t\t\t\t\n\t\t\t\t\t\t\t\t\t<p class=\"elementor-icon-box-description\">\n\t\t\t\t\t\tinfo@offroadpro.me\t\t\t\t\t<\/p>\n\t\t\t\t\n\t\t\t<\/div>\n\t\t\t\n\t\t<\/div>\n\t\t\t\t\t\t<\/div>\n\t\t\t\t<\/div>\n\t\t\t\t<div class=\"elementor-element elementor-element-1693667 elementor-position-inline-start elementor-view-default elementor-mobile-position-block-start elementor-widget elementor-widget-icon-box\" data-id=\"1693667\" data-element_type=\"widget\" data-e-type=\"widget\" data-widget_type=\"icon-box.default\">\n\t\t\t\t<div class=\"elementor-widget-container\">\n\t\t\t\t\t\t\t<div class=\"elementor-icon-box-wrapper\">\n\n\t\t\t\t\t\t<div class=\"elementor-icon-box-icon\">\n\t\t\t\t<span  class=\"elementor-icon\">\n\t\t\t\t\t\t\t\t<\/span>\n\t\t\t<\/div>\n\t\t\t\n\t\t\t\t\t\t<div class=\"elementor-icon-box-content\">\n\n\t\t\t\t\t\t\t\t\t<h3 class=\"elementor-icon-box-title\">\n\t\t\t\t\t\t<span  >\n\t\t\t\t\t\t\tPhone\t\t\t\t\t\t<\/span>\n\t\t\t\t\t<\/h3>\n\t\t\t\t\n\t\t\t\t\t\t\t\t\t<p class=\"elementor-icon-box-description\">\n\t\t\t\t\t\t+961 79 194 242\t\t\t\t\t<\/p>\n\t\t\t\t\n\t\t\t<\/div>\n\t\t\t\n\t\t<\/div>\n\t\t\t\t\t\t<\/div>\n\t\t\t\t<\/div>\n\t\t\t\t<div class=\"elementor-element elementor-element-af28948 elementor-widget elementor-widget-google_maps\" data-id=\"af28948\" data-element_type=\"widget\" data-e-type=\"widget\" data-widget_type=\"google_maps.default\">\n\t\t\t\t<div class=\"elementor-widget-container\">\n\t\t\t\t\t\t\t<div class=\"elementor-custom-embed\">\n\t\t\t<iframe loading=\"lazy\"\n\t\t\t\t\tsrc=\"https:\/\/maps.google.com\/maps?q=madfoun&#038;t=m&#038;z=16&#038;output=embed&#038;iwloc=near\"\n\t\t\t\t\ttitle=\"madfoun\"\n\t\t\t\t\taria-label=\"madfoun\"\n\t\t\t><\/iframe>\n\t\t<\/div>\n\t\t\t\t\t\t<\/div>\n\t\t\t\t<\/div>\n\t\t\t\t\t<\/div>\n\t\t<\/div>\n\t\t\t\t<div class=\"elementor-column elementor-col-50 elementor-top-column elementor-element elementor-element-121338c\" data-id=\"121338c\" data-element_type=\"column\" data-e-type=\"column\">\n\t\t\t<div class=\"elementor-widget-wrap elementor-element-populated\">\n\t\t\t\t\t\t<div class=\"elementor-element elementor-element-615245a elementor-widget elementor-widget-heading\" data-id=\"615245a\" data-element_type=\"widget\" data-e-type=\"widget\" data-widget_type=\"heading.default\">\n\t\t\t\t<div class=\"elementor-widget-container\">\n\t\t\t\t\t<h2 class=\"elementor-heading-title elementor-size-default\">Get in touch!<\/h2>\t\t\t\t<\/div>\n\t\t\t\t<\/div>\n\t\t\t\t\t<\/div>\n\t\t<\/div>\n\t\t\t\t\t<\/div>\n\t\t<\/section>\n\t\t\t\t<\/div>\n\t\t","protected":false},"excerpt":{"rendered":"<p>Head Office Batroun , Lebanon Bremsen und Gl\u00fccksspiel: Wie sich diese Welten kreuzen Es f\u00e4llt schwer, sich vorzustellen, dass Bremsen und Online-Casinos irgendwie miteinander verbunden sind. Aber tats\u00e4chlich gibt es da einen Zusammenhang. Bremsen und Gl\u00fccksspiele \u2013 beides geht es um Spannung, Geschwindigkeit und nat\u00fcrlich auch ein bisschen um Gl\u00fcck. Wenn wir ins Spiel einsteigen, [&hellip;]<\/p>\n","protected":false},"author":1,"featured_media":0,"parent":0,"menu_order":0,"comment_status":"closed","ping_status":"closed","template":"","meta":{"_joinchat":[],"footnotes":""},"class_list":["post-265","page","type-page","status-publish","hentry","entry","owp-thumbs-layout-horizontal","owp-btn-normal","owp-tabs-layout-horizontal","has-no-thumbnails","has-product-nav"],"jetpack_sharing_enabled":true,"_links":{"self":[{"href":"https:\/\/offroadpro.me\/index.php?rest_route=\/wp\/v2\/pages\/265","targetHints":{"allow":["GET"]}}],"collection":[{"href":"https:\/\/offroadpro.me\/index.php?rest_route=\/wp\/v2\/pages"}],"about":[{"href":"https:\/\/offroadpro.me\/index.php?rest_route=\/wp\/v2\/types\/page"}],"author":[{"embeddable":true,"href":"https:\/\/offroadpro.me\/index.php?rest_route=\/wp\/v2\/users\/1"}],"replies":[{"embeddable":true,"href":"https:\/\/offroadpro.me\/index.php?rest_route=%2Fwp%2Fv2%2Fcomments&post=265"}],"version-history":[{"count":9,"href":"https:\/\/offroadpro.me\/index.php?rest_route=\/wp\/v2\/pages\/265\/revisions"}],"predecessor-version":[{"id":5621,"href":"https:\/\/offroadpro.me\/index.php?rest_route=\/wp\/v2\/pages\/265\/revisions\/5621"}],"wp:attachment":[{"href":"https:\/\/offroadpro.me\/index.php?rest_route=%2Fwp%2Fv2%2Fmedia&parent=265"}],"curies":[{"name":"wp","href":"https:\/\/api.w.org\/{rel}","templated":true}]}}